{"id":950,"date":"2024-10-05T21:34:13","date_gmt":"2024-10-05T19:34:13","guid":{"rendered":"http:\/\/www.compijada.cz\/?page_id=950"},"modified":"2024-10-06T16:06:33","modified_gmt":"2024-10-06T14:06:33","slug":"nazvy-spotu-v-cs2","status":"publish","type":"page","link":"http:\/\/www.compijada.cz\/index.php\/nazvy-spotu-v-cs2\/","title":{"rendered":"N\u00e1zvy spot\u016f v CS2"},"content":{"rendered":"\n<div class=\"wp-block-image\"><figure class=\"aligncenter size-full\"><img loading=\"lazy\" width=\"675\" height=\"665\" src=\"http:\/\/www.compijada.cz\/wp-content\/uploads\/2024\/10\/2721539148_preview_Train.jpg\" alt=\"Train\" class=\"wp-image-947\" srcset=\"http:\/\/www.compijada.cz\/wp-content\/uploads\/2024\/10\/2721539148_preview_Train.jpg 675w, http:\/\/www.compijada.cz\/wp-content\/uploads\/2024\/10\/2721539148_preview_Train-300x296.jpg 300w, http:\/\/www.compijada.cz\/wp-content\/uploads\/2024\/10\/2721539148_preview_Train-500x493.jpg 500w\" sizes=\"(max-width: 675px) 100vw, 675px\" \/><figcaption>Mapa Train<\/figcaption><\/figure><\/div>\n\n\n\n<p>T\u00e9ma Jadern\u00e9 energie je ve h\u0159e CS pom\u011brn\u011b obl\u00edben\u00e9 a je o n\u011bm i mapa Train. Terorist\u00e9 cht\u011bj\u00ed bombu um\u00edstit pobl\u00ed\u017e n\u011bjak\u00e9ho jadern\u00e9ho n\u00e1kladu v Rusku.<br>Protiteroristick\u00e1 jednotka se je samoz\u0159ejm\u011b sna\u017e\u00ed zastavit. Jejich mise budou snaz\u0161\u00ed, pokud budou v\u0161ichni hr\u00e1\u010di na stejn\u00e9 \u00farovni \u2013 harmonie uvnit\u0159 t\u00fdm\u016f mohou dos\u00e1hnout pouze se znalost\u00ed m\u00edst na map\u011b Train.<\/p>\n\n\n\n<p>Komunikace je nezbytnou sou\u010d\u00e1st\u00ed t\u00fdmov\u00e9 hry. Pou\u017e\u00edv\u00e1n\u00ed n\u00e1zv\u016f jednotliv\u00fdch spot\u016f na map\u00e1ch CS v\u00fdrazn\u011b zvy\u0161uje \u0161anci na \u00fasp\u011bch v z\u00e1pasech. Pou\u017eijte je a uvid\u00edte, jak se hra stane dob\u0159e koordinovanou.<\/p>\n\n\n\n<p><\/p>\n\n\n\n<p><\/p>\n\n\n\n<hr class=\"wp-block-separator\"\/>\n\n\n\n<div class=\"wp-block-image\"><figure class=\"aligncenter size-full\"><img loading=\"lazy\" width=\"553\" height=\"1024\" src=\"http:\/\/www.compijada.cz\/wp-content\/uploads\/2024\/10\/2721539148_preview_Vertigo.png\" alt=\"Vertigo\" class=\"wp-image-948\" srcset=\"http:\/\/www.compijada.cz\/wp-content\/uploads\/2024\/10\/2721539148_preview_Vertigo.png 553w, http:\/\/www.compijada.cz\/wp-content\/uploads\/2024\/10\/2721539148_preview_Vertigo-162x300.png 162w, http:\/\/www.compijada.cz\/wp-content\/uploads\/2024\/10\/2721539148_preview_Vertigo-500x926.png 500w\" sizes=\"(max-width: 553px) 100vw, 553px\" \/><figcaption>Mapa Vertigo<\/figcaption><\/figure><\/div>\n\n\n\n<p>Popisky v map\u011b Vertigo jsou jedny z nejo\u0161idn\u011bj\u0161\u00edch v Counter-Strike, z velk\u00e9 \u010d\u00e1sti kv\u016fli tomu, kolikr\u00e1t byla mapa od p\u0159id\u00e1n\u00ed do hry zm\u011bn\u011bna.<\/p>\n\n\n\n<p>Mrakodrap sice nen\u00ed nejnov\u011bj\u0161\u00ed mapou v konkuren\u010dn\u00edm mapov\u00e9m fondu CS, ale st\u00e1le nen\u00ed p\u0159\u00edli\u0161 popul\u00e1rn\u00ed. <\/p>\n\n\n\n<p>Od nezastaviteln\u00fdch pr\u016fnik\u016f po ramp\u011b na A, p\u0159es neust\u00e1le se m\u011bn\u00edc\u00ed schody z T-Spawnu vzh\u016fru a\u017e po spojovac\u00ed body, hr\u00e1\u010di CSGO ve skute\u010dnosti nem\u011bli \u0161anci naj\u00edt na map\u011b svou plnou stopu.<br>Na\u0161t\u011bst\u00ed se v\u011bci v posledn\u00ed dob\u011b ust\u00e1lily do bodu, kdy kone\u010dn\u011b stoj\u00ed za to nau\u010dit se v\u0161echny body Vertiga.<\/p>\n\n\n\n<p>Na rozd\u00edl od Cache, kter\u00e1 m\u00e1 velk\u00e9 mno\u017estv\u00ed rekvizit rozm\u00edst\u011bn\u00fdch po n\u011bkolika rozs\u00e1hl\u00fdch oblastech, je Vertigo definov\u00e1no sv\u00fdmi klikat\u00fdmi cestami a chodbami. Mapa m\u00e1 dv\u011b \u00farovn\u011b, podobn\u011b jako Nuke, ale s ob\u011bma planty na horn\u00ed \u00farovni. To klade v\u011bt\u0161\u00ed d\u016fraz na poty\u010dky, kde se Teroristi sna\u017e\u00ed dostat ven z ni\u017e\u0161\u00ed oblasti, zat\u00edmco CT se je sna\u017e\u00ed dr\u017eet dole.<\/p>\n\n\n\n<p>Stejn\u011b jako u v\u011bt\u0161iny map CS je na Vertigu sd\u00edlen\u00e1 \u201est\u0159edn\u00ed\u201c oblast (MID), kde maj\u00ed ob\u011b strany \u0161anci p\u0159evz\u00edt kontrolu nad oblast\u00ed. Pokud je ovl\u00e1dnut Teroristy, nab\u00edz\u00ed dal\u0161\u00ed cesty k m\u00edst\u016fm vedouc\u00edmi do A a B a konektorem vedouc\u00edm do B.<\/p>\n\n\n\n<p>Kl\u00ed\u010dov\u00fd rozd\u00edl mezi st\u0159edn\u00edm prostorem Vertiga a st\u0159edn\u00edm prostorem na map\u00e1ch jako je Dust 2 a Mirage, je ten, \u017ee st\u0159ed Vertiga je efektivn\u011b tvarov\u00e1n jako p\u00edsmeno S. CT maj\u00ed \u0161anci ovl\u00e1dat severn\u00ed \u010d\u00e1st zvanou Top mid, Terorist\u00e9 mohou rychle p\u0159evz\u00edt oblast zvanou T mid, p\u0159i\u010dem\u017e oblast mezi nimi se ozna\u010duje jako \u201eMID\u201c.<\/p>\n\n\n\n<p>Dal\u0161\u00ed nejd\u016fle\u017eit\u011bj\u0161\u00ed oblast\u00ed, pokud jde o popisky Vertigo, je oblast kolem rampy na stran\u011b A. Jakmile strana T postoup\u00ed na rampu, hr\u00e1\u010di maj\u00ed n\u011bkolik r\u016fzn\u00fdch zp\u016fsob\u016f, jak p\u0159istoupit k samotn\u00e9mu um\u00edst\u011bn\u00ed bomby. Mohou zam\u00ed\u0159it p\u0159\u00edmo nahoru po ramp\u011b, vstoupit na le\u0161en\u00ed a ob\u011bhnout pozemek po chodn\u00edku (Sidewalk nebo taky \u017elut\u00e1), nebo se mohou dostat p\u0159es rampu tak, \u017ee se p\u0159esunou k &#8222;Fence&#8220;.<\/p>\n\n\n\n<p>Nejd\u016fle\u017eit\u011bj\u0161\u00ed sou\u010d\u00e1st\u00ed spot\u016f Vertigo je pomoc spoluhr\u00e1\u010d\u016fm rozli\u0161ovat mezi dv\u011bma vertik\u00e1ln\u00edmi \u00farovn\u011bmi mapy. Stejn\u011b jako u Nuke je obt\u00ed\u017en\u00e9 rozli\u0161it pohyb mezi dv\u011bma \u00farovn\u011bmi mapy pomoc\u00ed mapov\u00fdch indik\u00e1tor\u016f, tak\u017ee komunikace je d\u016fle\u017eit\u00e1, proto\u017ee hr\u00e1\u010di se nemohou spolehnout na sv\u00e9 minimapy jako na informace.<\/p>\n\n\n\n<p>B\u00fdt schopen pod\u00e1vat p\u0159esn\u00e9 info t\u00fdkaj\u00edc\u00ed se nep\u0159\u00e1telsk\u00fdch pozic, zejm\u00e9na kolem st\u0159edn\u00edch oblast\u00ed mapy, je d\u016fle\u017eit\u00fd pro \u00fasp\u011bch na Vertigu i na neform\u00e1ln\u00ed \u00farovni. Jakmile hr\u00e1\u010di dos\u00e1hnou vy\u0161\u0161\u00ed \u00farovn\u011b, je to v\u0161echno o schopnosti sledovat akci kolem rampy A.<\/p>\n\n\n\n<p>Proto\u017ee hr\u00e1\u010di mohou p\u0159evz\u00edt rampu A a pot\u00e9 za\u00fato\u010dit ze t\u0159\u00ed r\u016fzn\u00fdch \u00fahl\u016f, je d\u016fle\u017eit\u00e9 v\u011bd\u011bt, jak se tyto oblasti naz\u00fdvaj\u00ed, a efektivn\u011b komunikovat kolem ka\u017ed\u00e9 z nich.<br>V\u011bd\u011bt, kolik se jich bl\u00ed\u017e\u00ed po ramp\u011b, kolik se jich p\u0159esunulo k plotu (Fence) a kolik se jich sna\u017e\u00ed uhnout z chodn\u00edku (Sidewalk &#8211; \u017elut\u00e1), je ned\u00edlnou sou\u010d\u00e1st\u00ed vytv\u00e1\u0159en\u00ed odchyt\u016f na Site A.<\/p>\n\n\n\n<hr class=\"wp-block-separator\"\/>\n\n\n\n<figure class=\"wp-block-image size-full\"><img loading=\"lazy\" width=\"675\" height=\"663\" src=\"http:\/\/www.compijada.cz\/wp-content\/uploads\/2024\/10\/2721539148_preview_Overpass.jpg\" alt=\"Overpass\" class=\"wp-image-946\" srcset=\"http:\/\/www.compijada.cz\/wp-content\/uploads\/2024\/10\/2721539148_preview_Overpass.jpg 675w, http:\/\/www.compijada.cz\/wp-content\/uploads\/2024\/10\/2721539148_preview_Overpass-300x295.jpg 300w, http:\/\/www.compijada.cz\/wp-content\/uploads\/2024\/10\/2721539148_preview_Overpass-500x491.jpg 500w\" sizes=\"(max-width: 675px) 100vw, 675px\" \/><figcaption>Mapa Overpass<\/figcaption><\/figure>\n\n\n\n<p>Overpass mapa byla p\u0159id\u00e1na do hry v roce 2013. Um\u00edst\u011bn\u00ed je docela zaj\u00edmav\u00e9 s mnoha taktick\u00fdmi mo\u017enostmi pro hr\u00e1\u010de.<br>Sc\u00e9n\u00e1\u0159 se odehr\u00e1v\u00e1 ve virtu\u00e1ln\u00edm Berl\u00edn\u011b. Protiteroristick\u00e9 jednotky a terorist\u00e9 bojuj\u00ed v parku a v kan\u00e1lov\u00e9m nadjezdu pod n\u00edm. Je to po\u017eadovan\u00e1 mapa b\u011bhem profesion\u00e1ln\u00edch sout\u011b\u017e\u00ed, tak\u017ee se rad\u011bji p\u0159edem nau\u010dte popisky Overpass.<\/p>\n\n\n\n<hr class=\"wp-block-separator\"\/>\n\n\n\n<figure class=\"wp-block-image size-large\"><img loading=\"lazy\" width=\"980\" height=\"1024\" src=\"http:\/\/www.compijada.cz\/wp-content\/uploads\/2024\/10\/2721539148_preview_ibrrarizt4q41-980x1024.png\" alt=\"Anubis\" class=\"wp-image-941\" srcset=\"http:\/\/www.compijada.cz\/wp-content\/uploads\/2024\/10\/2721539148_preview_ibrrarizt4q41-980x1024.png 980w, http:\/\/www.compijada.cz\/wp-content\/uploads\/2024\/10\/2721539148_preview_ibrrarizt4q41-287x300.png 287w, http:\/\/www.compijada.cz\/wp-content\/uploads\/2024\/10\/2721539148_preview_ibrrarizt4q41-768x802.png 768w, http:\/\/www.compijada.cz\/wp-content\/uploads\/2024\/10\/2721539148_preview_ibrrarizt4q41-1470x1536.png 1470w, http:\/\/www.compijada.cz\/wp-content\/uploads\/2024\/10\/2721539148_preview_ibrrarizt4q41-500x522.png 500w, http:\/\/www.compijada.cz\/wp-content\/uploads\/2024\/10\/2721539148_preview_ibrrarizt4q41-800x836.png 800w, http:\/\/www.compijada.cz\/wp-content\/uploads\/2024\/10\/2721539148_preview_ibrrarizt4q41-1280x1337.png 1280w, http:\/\/www.compijada.cz\/wp-content\/uploads\/2024\/10\/2721539148_preview_ibrrarizt4q41-820x857.png 820w, http:\/\/www.compijada.cz\/wp-content\/uploads\/2024\/10\/2721539148_preview_ibrrarizt4q41.png 1480w\" sizes=\"(max-width: 980px) 100vw, 980px\" \/><figcaption>Mapa Anubis<\/figcaption><\/figure>\n\n\n\n<p>AnubisAnubis (de_anubis) je komunitou vytvo\u0159en\u00e1 mapa Bomb Defusal navr\u017een\u00e1 Roaldem, jakuzou a jd40 a je sou\u010d\u00e1st\u00ed Counter-Strike, kter\u00fd byl do hry p\u0159id\u00e1n v aktualizaci z 31. b\u0159ezna 2020 spolu s Chlorinem. Anubis byl poprv\u00e9 uveden pouze do re\u017eimu Scrimmage. 10. dubna 2020 byl Anubis p\u0159esunut ze Scrimmage do Competitive po pouh\u00fdch deseti dnech od uveden\u00ed ve h\u0159e.<\/p>\n\n\n\n<p>kv\u011btna 2021 byl Anubis odstran\u011bn ze hry. U p\u0159\u00edle\u017eitosti 10t\u00fdch narozenin Counter-Strike: Global Offensive byla tato mapa znovu p\u0159id\u00e1na v aktualizaci ze 16. srpna 2022.<\/p>\n\n\n\n<hr class=\"wp-block-separator\"\/>\n\n\n\n<figure class=\"wp-block-image size-full\"><img loading=\"lazy\" width=\"675\" height=\"659\" src=\"http:\/\/www.compijada.cz\/wp-content\/uploads\/2024\/10\/2721539148_preview_Nuke.jpg\" alt=\"Nuke\" class=\"wp-image-944\" srcset=\"http:\/\/www.compijada.cz\/wp-content\/uploads\/2024\/10\/2721539148_preview_Nuke.jpg 675w, http:\/\/www.compijada.cz\/wp-content\/uploads\/2024\/10\/2721539148_preview_Nuke-300x293.jpg 300w, http:\/\/www.compijada.cz\/wp-content\/uploads\/2024\/10\/2721539148_preview_Nuke-500x488.jpg 500w\" sizes=\"(max-width: 675px) 100vw, 675px\" \/><figcaption>Mapa Nuke<\/figcaption><\/figure>\n\n\n\n<p>Nuke &#8211; Terorist\u00e9 se sna\u017e\u00ed um\u00edstit bombu v jadern\u00e9 elektr\u00e1rn\u011b. Tento pl\u00e1n samoz\u0159ejm\u011b mohou zkazit odv\u00e1\u017en\u00ed protiterorist\u00e9. Vyberte si svou stranu a proka\u017ete sv\u00e9 schopnosti na Nuke. Tato lokace je mezi ostatn\u00edmi CS mapami pom\u011brn\u011b neobvykl\u00e1 \u2013 m\u00edsta s bombami jsou um\u00edst\u011bna nad sebou. Nen\u00ed to velk\u00e1 mapa a m\u00e1 mnoho sp\u00ed\u0161e mal\u00fdch m\u00edstnost\u00ed. Zde budou u\u017eite\u010dn\u00e9 r\u016fzn\u00e9 hern\u00ed styly, stejn\u011b jako popisky Nuke.<\/p>\n\n\n\n<hr class=\"wp-block-separator\"\/>\n\n\n\n<figure class=\"wp-block-image size-large\"><img loading=\"lazy\" width=\"1024\" height=\"1024\" src=\"http:\/\/www.compijada.cz\/wp-content\/uploads\/2024\/10\/2721539148_preview_Ancient-1024x1024.png\" alt=\"Ancient\" class=\"wp-image-938\" srcset=\"http:\/\/www.compijada.cz\/wp-content\/uploads\/2024\/10\/2721539148_preview_Ancient-1024x1024.png 1024w, http:\/\/www.compijada.cz\/wp-content\/uploads\/2024\/10\/2721539148_preview_Ancient-300x300.png 300w, http:\/\/www.compijada.cz\/wp-content\/uploads\/2024\/10\/2721539148_preview_Ancient-150x150.png 150w, http:\/\/www.compijada.cz\/wp-content\/uploads\/2024\/10\/2721539148_preview_Ancient-768x768.png 768w, http:\/\/www.compijada.cz\/wp-content\/uploads\/2024\/10\/2721539148_preview_Ancient-500x500.png 500w, http:\/\/www.compijada.cz\/wp-content\/uploads\/2024\/10\/2721539148_preview_Ancient-800x800.png 800w, http:\/\/www.compijada.cz\/wp-content\/uploads\/2024\/10\/2721539148_preview_Ancient-1280x1280.png 1280w, http:\/\/www.compijada.cz\/wp-content\/uploads\/2024\/10\/2721539148_preview_Ancient-820x820.png 820w, http:\/\/www.compijada.cz\/wp-content\/uploads\/2024\/10\/2721539148_preview_Ancient.png 1350w\" sizes=\"(max-width: 1024px) 100vw, 1024px\" \/><figcaption>Mapa Ancient<\/figcaption><\/figure>\n\n\n\n<p>Mnoho hr\u00e1\u010d\u016f st\u00e1le je\u0161t\u011b nen\u00ed \u00fapln\u011b obezn\u00e1meno s temnou a listnatou kompetitivn\u00ed mapou Ancient od Counter-Strike: Global Offensive. Nau\u010d\u00edte-li se spr\u00e1vn\u00e9 popisky pro tuto novou mapu, m\u016f\u017ee v\u00e1m to pomoci postoupit rychleji.<\/p>\n\n\n\n<p>Ancient je nejnov\u011bj\u0161\u00edm p\u0159\u00edr\u016fstkem do konkuren\u010dn\u00edho mapov\u00e9ho fondu CS. Navzdory podobn\u00e9mu vzhledu jako star\u0161\u00ed mapa Aztec je pro hr\u00e1\u010de t\u011b\u017ek\u00e9 si na novou lokaci zvyknout. Pokud se tedy chcete prosadit rychleji, mo\u017en\u00e1 se budete cht\u00edt nau\u010dit spr\u00e1vn\u00e9 popisky pro Ancient.<\/p>\n\n\n\n<p>Starov\u011bk\u00e1 mapa ve srovn\u00e1n\u00ed s m\u00edstn\u00ed mapou CSsed je relativn\u011b uzav\u0159en\u00e1. Cesta do A se naz\u00fdv\u00e1 Split a je nejdel\u0161\u00ed a nejrozs\u00e1hlej\u0161\u00ed oblast\u00ed, podobn\u011b jako na Infernu banana. Vstup na m\u00edsto B je mnohem obt\u00ed\u017en\u011bj\u0161\u00ed kv\u016fli t\u011bsn\u011bj\u0161\u00edm prostor\u016fm. Rampy, v\u00fdkopy, bedny a ruiny usnad\u0148uj\u00ed protiterorist\u016fm obranu bombovi\u0161\u0165. Ve srovn\u00e1n\u00ed s jin\u00fdmi mapami CSGO je st\u0159ed Ancientu t\u011b\u017eko \u0159e\u0161iteln\u00fd.<\/p>\n\n\n\n<p>St\u0159edn\u00ed oblast obsahuje omezenou horn\u00ed \u010d\u00e1st, k\u00f3ji a hn\u00edzdo odst\u0159elova\u010de, co\u017e v\u00fdrazn\u011b zv\u00fdhod\u0148uje CT. Str\u00e1nky s bombami maj\u00ed stejn\u00e9 star\u00e9 popisky pro velk\u00e9 bedny, trojit\u00e9 bedny, stromy a dal\u0161\u00ed.<\/p>\n\n\n\n<p>Mapa m\u00e1 tak\u00e9 jedine\u010dnou oblast, kter\u00e1 vede k A. Star\u0161\u00ed hr\u00e1\u010di r\u00e1di naz\u00fdvaj\u00ed \u010dtvercov\u00e9 m\u00edsto \u201ehrobka\u201c, ale ofici\u00e1ln\u00ed popis CSGO objasnil, \u017ee je to ve skute\u010dnosti \u201edonut\u201c. Str\u00e1nka zve\u0159ejnila ofici\u00e1ln\u00ed popis u sv\u00e9ho 22. v\u00fdro\u010d\u00ed.<\/p>\n\n\n\n<p>V komunit\u011b st\u00e1le nebyly vytvo\u0159eny spr\u00e1vn\u00e9 popisky mapy, tak\u017ee se nedivte, kdy\u017e b\u011bhem hodnocen\u00fdch her usly\u0161\u00edte r\u016fzn\u00e9 p\u0159\u00edkazy. M\u016f\u017eete se nau\u010dit n\u00e1zvy m\u00edst napsan\u00fdch na radaru ve h\u0159e.<br>P\u0159esto komunita CS jen z\u0159\u00eddka sleduje n\u00e1zvy lokac\u00ed ve h\u0159e, proto\u017ee hr\u00e1\u010di si \u010dasem r\u00e1di vytv\u00e1\u0159ej\u00ed sv\u00e9 vlastn\u00ed.<\/p>\n\n\n\n<p>Mnoho hr\u00e1\u010d\u016f st\u00e1le pou\u017e\u00edv\u00e1 azt\u00e9ck\u00e9 popisky pro b\u011b\u017en\u00e9 spoty, tak\u017ee o\u010dek\u00e1vejte cokoli. Nechme stranou popisky z u\u010debnice, pokud m\u00e1te pot\u00ed\u017ee s u\u010den\u00edm m\u00edst, ujist\u011bte se, \u017ee sv\u00fdm spoluhr\u00e1\u010d\u016fm \u0159\u00edk\u00e1te p\u0159esn\u011b to, co vid\u00edte.<\/p>\n\n\n\n<hr class=\"wp-block-separator\"\/>\n\n\n\n<figure class=\"wp-block-image size-full\"><img loading=\"lazy\" width=\"768\" height=\"768\" src=\"http:\/\/www.compijada.cz\/wp-content\/uploads\/2024\/10\/2721539148_preview_Cache.png\" alt=\"Cache\" class=\"wp-image-939\" srcset=\"http:\/\/www.compijada.cz\/wp-content\/uploads\/2024\/10\/2721539148_preview_Cache.png 768w, http:\/\/www.compijada.cz\/wp-content\/uploads\/2024\/10\/2721539148_preview_Cache-300x300.png 300w, http:\/\/www.compijada.cz\/wp-content\/uploads\/2024\/10\/2721539148_preview_Cache-150x150.png 150w, http:\/\/www.compijada.cz\/wp-content\/uploads\/2024\/10\/2721539148_preview_Cache-500x500.png 500w\" sizes=\"(max-width: 768px) 100vw, 768px\" \/><figcaption>Mapa Cache<\/figcaption><\/figure>\n\n\n\n<p>Cache je teoreticky nejp\u0159\u00edm\u011bj\u0161\u00ed mapa, kter\u00e1 v CS existuje. M\u00e1 dv\u011b m\u00edsta se st\u0159edn\u00ed oblast\u00ed, kterou maj\u00ed ob\u011b strany p\u0159i ovl\u00e1d\u00e1n\u00ed stejn\u00fd. Pokud T mohou ovl\u00e1dat mid, z\u00edskaj\u00ed dal\u0161\u00ed mo\u017enosti pro \u00fatok na m\u00edsta. Strana CT m\u016f\u017ee pou\u017e\u00edt ovl\u00e1d\u00e1n\u00ed st\u0159edu k z\u00edsk\u00e1n\u00ed dal\u0161\u00edch mo\u017enost\u00ed pro obranu dvou bombovi\u0161\u0165.<\/p>\n\n\n\n<p>I kdy\u017e byla mapa v roce 2019 p\u0159epracov\u00e1na, z\u016fst\u00e1v\u00e1 v\u011bt\u0161inou stejn\u00e1 a komunikace je stejn\u011b d\u016fle\u017eit\u00e1 jako kdykoli p\u0159edt\u00edm. Zde jsou v\u0161echny nejd\u016fle\u017eit\u011bj\u0161\u00ed popisky pro Cache a jak je nejl\u00e9pe pou\u017e\u00edvat.<\/p>\n\n\n\n<p>Kdy\u017e se mapa bl\u00ed\u017e\u00ed k bolesti popisky jako n\u011bkter\u00e9 dal\u0161\u00ed. V\u011bt\u0161ina hlavn\u00edch cest k bombovi\u0161t\u00edm je \u0161iroce otev\u0159en\u00e1, co\u017e usnad\u0148uje zapamatov\u00e1n\u00ed, ale samotn\u00e9 bombovi\u0161t\u011b jsou pln\u00e9 rekvizit, kter\u00e9 maj\u00ed konkr\u00e9tn\u00ed n\u00e1zvy.<\/p>\n\n\n\n<p>Hlavn\u00ed cesty k m\u00edst\u016fm jsou A-Main a B-Main, ale Terorist\u00e9 mohou tak\u00e9 p\u0159istupovat k m\u00edstu A tak, \u017ee zam\u00ed\u0159\u00ed skrz A-long p\u0159es dve\u0159e (Squeaky) a mohou se p\u0159esunout za B-main, aby m\u011bli v\u00edce \u00fahl\u016f k \u00fatoku.<\/p>\n\n\n\n<p>Ovl\u00e1dnut\u00ed Mid Terosristy jim tak\u00e9 umo\u017e\u0148uje zv\u00fd\u0161it tlak na dal\u0161\u00ed m\u00edsta. P\u0159evzet\u00edm midu mohou hr\u00e1\u010di zablokovat rotace mezi m\u00edsty p\u0159es CT s\u00e1ly dosa\u017een\u00edm Z konektoru. Mohou tak\u00e9 z\u00edskat bezpe\u010dn\u00fd v\u00fdhled na m\u00edsto A tak, \u017ee se schovaj\u00ed za pytle s p\u00edskem (Sandbags) nebo zasko\u010d\u00ed t\u00edm, \u017ee projdou v\u011btrac\u00edm otvorem.<\/p>\n\n\n\n<p>Jednou z nejv\u011bt\u0161\u00edch funkc\u00ed Cache je, \u017ee strana CT m\u016f\u017ee \u00fato\u010dit z r\u016fzn\u00fdch vyv\u00fd\u0161en\u00fdch oblast\u00ed. Na bombovi\u0161ti A mohou CT z\u00edskat zv\u00fd\u0161en\u00e9 \u00fahly na Main z balkonu a z boost spotu. Na bombovi\u0161ti B je Heaven velmi mocnou pozic\u00ed a hr\u00e1\u010di se mohou situa\u010dn\u011b p\u0159esouvat a sko\u010dit na vr\u0161ek box\u016f bombovi\u0161t\u011b B nebo na sv\u011btlo, kter\u00e9 nejde vid\u011bt z Main na B<\/p>\n\n\n\n<p>Jak pou\u017e\u00edvat popisky v Cache Na stran\u011b CT jsou v\u011bci pom\u011brn\u011b jednoduch\u00e9. Hr\u00e1\u010di mohou pomoc\u00ed popisk\u016f sledovat um\u00edst\u011bn\u00ed nep\u0159\u00e1tel a posilovat obranu, aby zabr\u00e1nili terorist\u016fm v obsazen\u00ed m\u00edst.<br>Dokud je mid pod kontrolou, existuj\u00ed pouze dva zp\u016fsoby, jak za\u00fato\u010dit na ka\u017edou lokalitu, p\u0159i\u010dem\u017e ve\u0161ker\u00fd provoz sm\u011brem k m\u00edstu B proch\u00e1z\u00ed p\u0159es haly B. Pokud se v\u011bci neza\u010dnou kazit, CT se nemus\u00ed moc starat o popisky.<\/p>\n\n\n\n<hr class=\"wp-block-separator\"\/>\n\n\n\n<figure class=\"wp-block-image size-large\"><img loading=\"lazy\" width=\"1024\" height=\"1024\" src=\"http:\/\/www.compijada.cz\/wp-content\/uploads\/2024\/10\/2721539148_preview_Inferno-1024x1024.png\" alt=\"Inferno\" class=\"wp-image-942\" srcset=\"http:\/\/www.compijada.cz\/wp-content\/uploads\/2024\/10\/2721539148_preview_Inferno-1024x1024.png 1024w, http:\/\/www.compijada.cz\/wp-content\/uploads\/2024\/10\/2721539148_preview_Inferno-300x300.png 300w, http:\/\/www.compijada.cz\/wp-content\/uploads\/2024\/10\/2721539148_preview_Inferno-150x150.png 150w, http:\/\/www.compijada.cz\/wp-content\/uploads\/2024\/10\/2721539148_preview_Inferno-768x768.png 768w, http:\/\/www.compijada.cz\/wp-content\/uploads\/2024\/10\/2721539148_preview_Inferno-500x500.png 500w, http:\/\/www.compijada.cz\/wp-content\/uploads\/2024\/10\/2721539148_preview_Inferno-800x800.png 800w, http:\/\/www.compijada.cz\/wp-content\/uploads\/2024\/10\/2721539148_preview_Inferno-1280x1280.png 1280w, http:\/\/www.compijada.cz\/wp-content\/uploads\/2024\/10\/2721539148_preview_Inferno-820x820.png 820w, http:\/\/www.compijada.cz\/wp-content\/uploads\/2024\/10\/2721539148_preview_Inferno.png 1350w\" sizes=\"(max-width: 1024px) 100vw, 1024px\" \/><figcaption>Mapa Inferno<\/figcaption><\/figure>\n\n\n\n<p>Inferno &#8211; mapy jako Dust 2 a Mirage jsou pom\u011brn\u011b p\u0159\u00edmo\u010dar\u00e9, \u00fato\u010dn\u00edci jsou nasm\u011brov\u00e1ni do \u00fazk\u00fdch bod\u016f na m\u00edsta a obr\u00e1nci pot\u0159ebuj\u00ed pracovat s \u00fahly a n\u00e1stroji, aby byli v bezpe\u010d\u00ed. Pak je tu Inferno. Zat\u00edmco jin\u00e9 mapy maj\u00ed jednoduch\u00e9 popisky zalo\u017een\u00e9 na um\u00edst\u011bn\u00ed nebo konkr\u00e9tn\u00edch rekvizit\u00e1ch, Inferno je \u00fapln\u011b jin\u00e9.<\/p>\n\n\n\n<p>Klasick\u00e1 mapa m\u00e1 spoustu z\u00e1kout\u00ed, kter\u00e9 maj\u00ed v\u0161echny r\u016fzn\u00e9 n\u00e1zvy, a dokonce i v\u011bt\u0161\u00ed oblasti mapy maj\u00ed popisky, kter\u00e9 nemaj\u00ed mnoho vysv\u011btlen\u00ed. Pro po\u0159\u00e1dek, zde jsou spr\u00e1vn\u00e9 popisky pro CS Inferno.<\/p>\n\n\n\n<p>Inferno je unik\u00e1tn\u00ed zejm\u00e9na mezi t\u011bmi, kte\u0159\u00ed maj\u00ed mapy CS ve h\u0159e dlouhou dobu. Inferno vynik\u00e1 t\u00edm, \u017ee m\u00e1 dv\u011b odd\u011blen\u00e9 \u201est\u0159edn\u00ed\u201c oblasti mezi T spawn a A bombsite, kter\u00e9 jsou spojeny pouze malou pas\u00e1\u017e\u00ed, kterou hr\u00e1\u010di mus\u00ed prol\u00e9zt, zvanou Mexiko. Pokud se terorist\u016fm poda\u0159\u00ed proj\u00edt jedn\u00edm ze st\u0159edn\u00edch pruh\u016f, skon\u010d\u00ed v kruhov\u00e9 oblasti kolem m\u00edsta s bombami A, kter\u00e1 m\u00e1 tak\u00e9 p\u0159\u00edstup k rodi\u0161ti CT. T\u00edm se zah\u00e1j\u00ed kle\u0161\u0165ov\u00e9 \u00fatoky na bombovi\u0161t\u011b A i B.<\/p>\n\n\n\n<hr class=\"wp-block-separator\"\/>\n\n\n\n<figure class=\"wp-block-image size-large\"><img loading=\"lazy\" width=\"1024\" height=\"1024\" src=\"http:\/\/www.compijada.cz\/wp-content\/uploads\/2024\/10\/2721539148_preview_Mirage-1024x1024.png\" alt=\"Mirage\" class=\"wp-image-943\" srcset=\"http:\/\/www.compijada.cz\/wp-content\/uploads\/2024\/10\/2721539148_preview_Mirage-1024x1024.png 1024w, http:\/\/www.compijada.cz\/wp-content\/uploads\/2024\/10\/2721539148_preview_Mirage-300x300.png 300w, http:\/\/www.compijada.cz\/wp-content\/uploads\/2024\/10\/2721539148_preview_Mirage-150x150.png 150w, http:\/\/www.compijada.cz\/wp-content\/uploads\/2024\/10\/2721539148_preview_Mirage-768x768.png 768w, http:\/\/www.compijada.cz\/wp-content\/uploads\/2024\/10\/2721539148_preview_Mirage-500x500.png 500w, http:\/\/www.compijada.cz\/wp-content\/uploads\/2024\/10\/2721539148_preview_Mirage-800x800.png 800w, http:\/\/www.compijada.cz\/wp-content\/uploads\/2024\/10\/2721539148_preview_Mirage-1280x1280.png 1280w, http:\/\/www.compijada.cz\/wp-content\/uploads\/2024\/10\/2721539148_preview_Mirage-820x820.png 820w, http:\/\/www.compijada.cz\/wp-content\/uploads\/2024\/10\/2721539148_preview_Mirage.png 1350w\" sizes=\"(max-width: 1024px) 100vw, 1024px\" \/><figcaption>Mapa Mirage<\/figcaption><\/figure>\n\n\n\n<p><a href=\"https:\/\/steamuserimages-a.akamaihd.net\/ugc\/1732217195757336482\/4A141D9F2B30854F8B3081419280963D74881186\/\"><\/a><\/p>\n","protected":false},"excerpt":{"rendered":"<p>T\u00e9ma Jadern\u00e9 energie je ve h\u0159e CS pom\u011brn\u011b obl\u00edben\u00e9 a je o n\u011bm i mapa Train. Terorist\u00e9 cht\u011bj\u00ed bombu um\u00edstit pobl\u00ed\u017e n\u011bjak\u00e9ho jadern\u00e9ho n\u00e1kladu v Rusku.Protiteroristick\u00e1 jednotka se je samoz\u0159ejm\u011b sna\u017e\u00ed zastavit. Jejich mise budou snaz\u0161\u00ed, pokud budou v\u0161ichni hr\u00e1\u010di na stejn\u00e9 \u00farovni \u2013 harmonie uvnit\u0159 t\u00fdm\u016f mohou dos\u00e1hnout pouze se znalost\u00ed m\u00edst na map\u011b [&hellip;]<\/p>\n","protected":false},"author":1,"featured_media":0,"parent":0,"menu_order":0,"comment_status":"closed","ping_status":"closed","template":"","meta":{"_bbp_topic_count":0,"_bbp_reply_count":0,"_bbp_total_topic_count":0,"_bbp_total_reply_count":0,"_bbp_voice_count":0,"_bbp_anonymous_reply_count":0,"_bbp_topic_count_hidden":0,"_bbp_reply_count_hidden":0,"_bbp_forum_subforum_count":0},"_links":{"self":[{"href":"http:\/\/www.compijada.cz\/index.php\/wp-json\/wp\/v2\/pages\/950"}],"collection":[{"href":"http:\/\/www.compijada.cz\/index.php\/wp-json\/wp\/v2\/pages"}],"about":[{"href":"http:\/\/www.compijada.cz\/index.php\/wp-json\/wp\/v2\/types\/page"}],"author":[{"embeddable":true,"href":"http:\/\/www.compijada.cz\/index.php\/wp-json\/wp\/v2\/users\/1"}],"replies":[{"embeddable":true,"href":"http:\/\/www.compijada.cz\/index.php\/wp-json\/wp\/v2\/comments?post=950"}],"version-history":[{"count":22,"href":"http:\/\/www.compijada.cz\/index.php\/wp-json\/wp\/v2\/pages\/950\/revisions"}],"predecessor-version":[{"id":984,"href":"http:\/\/www.compijada.cz\/index.php\/wp-json\/wp\/v2\/pages\/950\/revisions\/984"}],"wp:attachment":[{"href":"http:\/\/www.compijada.cz\/index.php\/wp-json\/wp\/v2\/media?parent=950"}],"curies":[{"name":"wp","href":"https:\/\/api.w.org\/{rel}","templated":true}]}}