{"id":94,"date":"2018-10-06T21:41:54","date_gmt":"2018-10-06T19:41:54","guid":{"rendered":"http:\/\/85.135.125.102\/?page_id=94"},"modified":"2024-10-01T19:50:01","modified_gmt":"2024-10-01T17:50:01","slug":"baryk-2","status":"publish","type":"page","link":"http:\/\/www.compijada.cz\/index.php\/o-nas\/baryk-2\/","title":{"rendered":"Baryk"},"content":{"rendered":"<div class=\"header\">\n<div class=\"avatar\"><img src=\"http:\/\/85.135.125.102\/wp-content\/uploads\/2018\/10\/baryk.png\" \/><\/div>\n<div class=\"name\">Baryk<\/div>\n<\/div>\n<div class=\"info\">\n<div class=\"title\">Skill<br \/><img loading=\"lazy\" class=\"alignnone size-full\" src=\"https:\/\/steamuserimages-a.akamaihd.net\/ugc\/90469323239173326\/A31B7161BD9F02A76B72371AA93B80BC88D71B90\/\" width=\"150\" height=\"150\" \/><\/div>\n<div class=\"value\">\u00a0<\/div>\n<\/div>\n<div class=\"info\">\n<div class=\"title\">T\u00fdm<\/div>\n<div class=\"value\">Zajaci<\/div>\n<div class=\"title\">Posledn\u00ed upgrade PC<\/div>\n<div class=\"value\">2023<\/div>\n<div class=\"title\">Sestava<\/div>\n<div class=\"value\">Sestava DELL, Intel i7 Haswell<\/div>\n<div class=\"title\">Status<\/div>\n<div class=\"value\">Trojn\u00e1sobn\u00fd vrah<\/div>\n<\/div>\n<div>\u00a0<\/div>\n\n\n<figure class=\"wp-block-embed is-type-video is-provider-youtube wp-block-embed-youtube wp-embed-aspect-16-9 wp-has-aspect-ratio\"><div class=\"wp-block-embed__wrapper\">\n<iframe loading=\"lazy\" title=\"Baryk Staty\" width=\"1160\" height=\"653\" src=\"https:\/\/www.youtube.com\/embed\/aSnZxK3WeQc?feature=oembed\" frameborder=\"0\" allow=\"accelerometer; autoplay; clipboard-write; encrypted-media; gyroscope; picture-in-picture; web-share\" referrerpolicy=\"strict-origin-when-cross-origin\" allowfullscreen><\/iframe>\n<\/div><\/figure>\n","protected":false},"excerpt":{"rendered":"<p>Baryk Skill \u00a0 T\u00fdm Zajaci Posledn\u00ed upgrade PC 2023 Sestava Sestava DELL, Intel i7 Haswell Status Trojn\u00e1sobn\u00fd vrah \u00a0<\/p>\n","protected":false},"author":1,"featured_media":0,"parent":74,"menu_order":0,"comment_status":"closed","ping_status":"closed","template":"page-templates\/page_fullwidth.php","meta":{"_bbp_topic_count":0,"_bbp_reply_count":0,"_bbp_total_topic_count":0,"_bbp_total_reply_count":0,"_bbp_voice_count":0,"_bbp_anonymous_reply_count":0,"_bbp_topic_count_hidden":0,"_bbp_reply_count_hidden":0,"_bbp_forum_subforum_count":0},"_links":{"self":[{"href":"http:\/\/www.compijada.cz\/index.php\/wp-json\/wp\/v2\/pages\/94"}],"collection":[{"href":"http:\/\/www.compijada.cz\/index.php\/wp-json\/wp\/v2\/pages"}],"about":[{"href":"http:\/\/www.compijada.cz\/index.php\/wp-json\/wp\/v2\/types\/page"}],"author":[{"embeddable":true,"href":"http:\/\/www.compijada.cz\/index.php\/wp-json\/wp\/v2\/users\/1"}],"replies":[{"embeddable":true,"href":"http:\/\/www.compijada.cz\/index.php\/wp-json\/wp\/v2\/comments?post=94"}],"version-history":[{"count":7,"href":"http:\/\/www.compijada.cz\/index.php\/wp-json\/wp\/v2\/pages\/94\/revisions"}],"predecessor-version":[{"id":856,"href":"http:\/\/www.compijada.cz\/index.php\/wp-json\/wp\/v2\/pages\/94\/revisions\/856"}],"up":[{"embeddable":true,"href":"http:\/\/www.compijada.cz\/index.php\/wp-json\/wp\/v2\/pages\/74"}],"wp:attachment":[{"href":"http:\/\/www.compijada.cz\/index.php\/wp-json\/wp\/v2\/media?parent=94"}],"curies":[{"name":"wp","href":"https:\/\/api.w.org\/{rel}","templated":true}]}}