{"id":901,"date":"2024-10-01T20:23:20","date_gmt":"2024-10-01T18:23:20","guid":{"rendered":"http:\/\/www.compijada.cz\/?page_id=901"},"modified":"2024-10-01T20:23:21","modified_gmt":"2024-10-01T18:23:21","slug":"professor_z","status":"publish","type":"page","link":"http:\/\/www.compijada.cz\/index.php\/professor_z\/","title":{"rendered":"Professor_Z"},"content":{"rendered":"\n<p>T\u00fdm <br>Koroptvi\u010dky<\/p>\n\n\n\n<p>Posledn\u00ed upgrade <br>Unknwon<br><br>Sestava<br>Unknown<br><br>Status<br>Unknown<\/p>\n\n\n\n<figure class=\"wp-block-embed is-type-video is-provider-youtube wp-block-embed-youtube wp-embed-aspect-16-9 wp-has-aspect-ratio\"><div class=\"wp-block-embed__wrapper\">\n<iframe loading=\"lazy\" title=\"Professor Z Staty\" width=\"1160\" height=\"653\" src=\"https:\/\/www.youtube.com\/embed\/dialB2GmD6U?feature=oembed\" frameborder=\"0\" allow=\"accelerometer; autoplay; clipboard-write; encrypted-media; gyroscope; picture-in-picture; web-share\" referrerpolicy=\"strict-origin-when-cross-origin\" allowfullscreen><\/iframe>\n<\/div><\/figure>\n","protected":false},"excerpt":{"rendered":"<p>T\u00fdm Koroptvi\u010dky Posledn\u00ed upgrade Unknwon SestavaUnknown StatusUnknown<\/p>\n","protected":false},"author":1,"featured_media":0,"parent":0,"menu_order":0,"comment_status":"closed","ping_status":"closed","template":"","meta":{"_bbp_topic_count":0,"_bbp_reply_count":0,"_bbp_total_topic_count":0,"_bbp_total_reply_count":0,"_bbp_voice_count":0,"_bbp_anonymous_reply_count":0,"_bbp_topic_count_hidden":0,"_bbp_reply_count_hidden":0,"_bbp_forum_subforum_count":0},"_links":{"self":[{"href":"http:\/\/www.compijada.cz\/index.php\/wp-json\/wp\/v2\/pages\/901"}],"collection":[{"href":"http:\/\/www.compijada.cz\/index.php\/wp-json\/wp\/v2\/pages"}],"about":[{"href":"http:\/\/www.compijada.cz\/index.php\/wp-json\/wp\/v2\/types\/page"}],"author":[{"embeddable":true,"href":"http:\/\/www.compijada.cz\/index.php\/wp-json\/wp\/v2\/users\/1"}],"replies":[{"embeddable":true,"href":"http:\/\/www.compijada.cz\/index.php\/wp-json\/wp\/v2\/comments?post=901"}],"version-history":[{"count":1,"href":"http:\/\/www.compijada.cz\/index.php\/wp-json\/wp\/v2\/pages\/901\/revisions"}],"predecessor-version":[{"id":902,"href":"http:\/\/www.compijada.cz\/index.php\/wp-json\/wp\/v2\/pages\/901\/revisions\/902"}],"wp:attachment":[{"href":"http:\/\/www.compijada.cz\/index.php\/wp-json\/wp\/v2\/media?parent=901"}],"curies":[{"name":"wp","href":"https:\/\/api.w.org\/{rel}","templated":true}]}}