{"id":74,"date":"2018-10-06T21:29:46","date_gmt":"2018-10-06T19:29:46","guid":{"rendered":"http:\/\/85.135.125.102\/?page_id=74"},"modified":"2024-10-03T15:44:26","modified_gmt":"2024-10-03T13:44:26","slug":"o-nas","status":"publish","type":"page","link":"http:\/\/www.compijada.cz\/index.php\/o-nas\/","title":{"rendered":"O N\u00e1s"},"content":{"rendered":"<h1>N\u011bco z historie<\/h1>\n<h3>&#8222;Historikov\u00e9 tvrd\u00ed, \u017ee bych to zde uv\u00e1d\u011bt nem\u011bl, ale jak jinak se m\u00e1 sv\u011bt o t\u00e9hle z\u00e1le\u017eitosti dozv\u011bd\u011bt&#8220;. Medv\u00eddek<\/h3>\n<p>Psalo se n\u011bco kolem roku 1999 . Ten rok bylo tuze veselo a hlavn\u011b byl zaznamen\u00e1n velik\u00fd rozmach PC (Perzonal Kompj\u016ftr\u016f) a i her, kter\u00e9 by se dali pa\u0159it po kabelu, je\u017e dnes neexistuj\u00ed. A tak se parti\u010dka nad\u0161en\u00fdch gymnastek ve slo\u017een\u00ed Rikardo,\u0160kolik,Be\u010fa a jedna l\u00e1hev Napoleona rozhodli, \u017ee to vyzkou\u0161\u00ed i oni. Hr\u00e1lo se do t\u00e9 doby, dokud maminka jednoho z \u00fa\u010dastn\u00edk\u016f p\u0159i h\u0159e DOOM, p\u0159i\u0161la ozn\u00e1mit, \u017ee jde do pr\u00e1ce. Syst\u00e9m Windows 95 byl n\u00e1ro\u010dn\u011bj\u0161\u00ed ne\u017e dnes, nicm\u00e9n\u011b p\u0159einstalace syst\u00e9mu byla na denn\u00edm po\u0159\u00e1dku. Spojen\u00ed bylo p\u0159es koaxi\u00e1ln\u00ed kabel zakon\u010den\u00fd termin\u00e1torem a Schwarzenneger u toho nebyl. Tato Compij\u00e1da prob\u00edhala 3 sez\u00f3ny u Skolika n\u00e1sledn\u011b p\u0159el\u00edt\u00e1n\u00ed u Baryka a cca v roce 2003 se p\u0159est\u011bhovala na Hutisko k Barykovi na chatu. Od cca 2008 jsme za\u010dali jezdit do Malenovic, kde jsme str\u00e1vili n\u00e1dhern\u00fdch 15 let .Nyn\u00ed jsme v jedn\u00e9 malebn\u00e9 vesni\u010dce nedaleko Opavy. Tepl\u00e1 strava r\u00e1no, odpoledne i ve\u010der n\u00e1s p\u0159esv\u011bd\u010dila, \u017ee k m\u00ed\u0159e alkoholu je to bezvadn\u00e1 v\u011bc. Vyst\u0159ihnout je t\u0159eba kdo v\u0161e se t\u011bchto Compij\u00e1d \u00fa\u010dastnil. Tak krom st\u00e1vaj\u00edc\u00edho t\u00fdmu (viz. O n\u00e1s) to byli tito: Be\u010fa,Dan\u010da<br \/>\n(prej kluk),Valo,Maska,Karlos,Ros\u0165a,Mongol,Navnada,JA. V\u0161echna \u010dest a sl\u00e1va t\u011bmto dobrodruh\u016fm.<\/p>\n<p style=\"text-align: center;\"><img loading=\"lazy\" class=\"alignnone size-medium wp-image-130\" src=\"\/wp-content\/uploads\/2018\/10\/10691514973243764-300x169.jpg\" alt=\"\" width=\"300\" height=\"169\" srcset=\"http:\/\/www.compijada.cz\/wp-content\/uploads\/2018\/10\/10691514973243764-300x169.jpg 300w, http:\/\/www.compijada.cz\/wp-content\/uploads\/2018\/10\/10691514973243764-768x432.jpg 768w, http:\/\/www.compijada.cz\/wp-content\/uploads\/2018\/10\/10691514973243764-1024x576.jpg 1024w, http:\/\/www.compijada.cz\/wp-content\/uploads\/2018\/10\/10691514973243764-820x461.jpg 820w, http:\/\/www.compijada.cz\/wp-content\/uploads\/2018\/10\/10691514973243764.jpg 1920w\" sizes=\"(max-width: 300px) 100vw, 300px\" \/><img loading=\"lazy\" class=\"alignnone size-medium wp-image-132\" src=\"\/wp-content\/uploads\/2018\/10\/530-90_599c7e7b02a2b-300x169.jpg\" alt=\"\" width=\"300\" height=\"169\" srcset=\"http:\/\/www.compijada.cz\/wp-content\/uploads\/2018\/10\/530-90_599c7e7b02a2b-300x169.jpg 300w, http:\/\/www.compijada.cz\/wp-content\/uploads\/2018\/10\/530-90_599c7e7b02a2b.jpg 530w\" sizes=\"(max-width: 300px) 100vw, 300px\" \/><\/p>\n<h3 style=\"text-align: center;\">&#8222;t\u00fdm, je nejd\u016fle\u017eit\u011bj\u0161\u00ed sou\u010d\u00e1st soudr\u017enosti sou\u010dinn\u00fdch \u010dinitel\u016f&#8220;<\/h3>\n<p style=\"text-align: center;\">Nov\u011b budou hr\u00e1\u010d\u016fm p\u0159i\u0159azeny statistiky ve h\u0159e CS:GO, zapo\u010d\u00edt\u00e1vat se budou pouze pokud oba t\u00fdmy budou kompletn\u00ed, tzn. budou hr\u00e1t v\u0161ichni z\u00fa\u010dastn\u011bn\u00ed.<\/p>\n","protected":false},"excerpt":{"rendered":"<p>N\u011bco z historie &#8222;Historikov\u00e9 tvrd\u00ed, \u017ee bych to zde uv\u00e1d\u011bt nem\u011bl, ale jak jinak se m\u00e1 sv\u011bt o t\u00e9hle z\u00e1le\u017eitosti dozv\u011bd\u011bt&#8220;. Medv\u00eddek Psalo se n\u011bco kolem roku 1999 . Ten rok bylo tuze veselo a hlavn\u011b byl zaznamen\u00e1n velik\u00fd rozmach PC (Perzonal Kompj\u016ftr\u016f) a i her, kter\u00e9 by se dali pa\u0159it po kabelu, je\u017e dnes [&hellip;]<\/p>\n","protected":false},"author":1,"featured_media":0,"parent":0,"menu_order":0,"comment_status":"closed","ping_status":"closed","template":"page-templates\/page_fullwidth.php","meta":{"_bbp_topic_count":0,"_bbp_reply_count":0,"_bbp_total_topic_count":0,"_bbp_total_reply_count":0,"_bbp_voice_count":0,"_bbp_anonymous_reply_count":0,"_bbp_topic_count_hidden":0,"_bbp_reply_count_hidden":0,"_bbp_forum_subforum_count":0},"_links":{"self":[{"href":"http:\/\/www.compijada.cz\/index.php\/wp-json\/wp\/v2\/pages\/74"}],"collection":[{"href":"http:\/\/www.compijada.cz\/index.php\/wp-json\/wp\/v2\/pages"}],"about":[{"href":"http:\/\/www.compijada.cz\/index.php\/wp-json\/wp\/v2\/types\/page"}],"author":[{"embeddable":true,"href":"http:\/\/www.compijada.cz\/index.php\/wp-json\/wp\/v2\/users\/1"}],"replies":[{"embeddable":true,"href":"http:\/\/www.compijada.cz\/index.php\/wp-json\/wp\/v2\/comments?post=74"}],"version-history":[{"count":29,"href":"http:\/\/www.compijada.cz\/index.php\/wp-json\/wp\/v2\/pages\/74\/revisions"}],"predecessor-version":[{"id":929,"href":"http:\/\/www.compijada.cz\/index.php\/wp-json\/wp\/v2\/pages\/74\/revisions\/929"}],"wp:attachment":[{"href":"http:\/\/www.compijada.cz\/index.php\/wp-json\/wp\/v2\/media?parent=74"}],"curies":[{"name":"wp","href":"https:\/\/api.w.org\/{rel}","templated":true}]}}