{"id":522,"date":"2021-09-01T16:22:46","date_gmt":"2021-09-01T14:22:46","guid":{"rendered":"http:\/\/www.compijada.cz\/?page_id=522"},"modified":"2024-10-01T20:11:25","modified_gmt":"2024-10-01T18:11:25","slug":"itovic","status":"publish","type":"page","link":"http:\/\/www.compijada.cz\/index.php\/o-nas\/itovic\/","title":{"rendered":"Itovic"},"content":{"rendered":"\n<figure class=\"wp-block-image size-large is-resized\"><img loading=\"lazy\" src=\"http:\/\/www.compijada.cz\/wp-content\/uploads\/2021\/09\/IMG_20210819_205856-890x1024.jpg\" alt=\"\" class=\"wp-image-528\" width=\"231\" height=\"266\" srcset=\"http:\/\/www.compijada.cz\/wp-content\/uploads\/2021\/09\/IMG_20210819_205856-890x1024.jpg 890w, http:\/\/www.compijada.cz\/wp-content\/uploads\/2021\/09\/IMG_20210819_205856-261x300.jpg 261w, http:\/\/www.compijada.cz\/wp-content\/uploads\/2021\/09\/IMG_20210819_205856-768x883.jpg 768w, http:\/\/www.compijada.cz\/wp-content\/uploads\/2021\/09\/IMG_20210819_205856-1336x1536.jpg 1336w, http:\/\/www.compijada.cz\/wp-content\/uploads\/2021\/09\/IMG_20210819_205856-1781x2048.jpg 1781w, http:\/\/www.compijada.cz\/wp-content\/uploads\/2021\/09\/IMG_20210819_205856-820x943.jpg 820w\" sizes=\"(max-width: 231px) 100vw, 231px\" \/><\/figure>\n\n\n\n<p>T\u00fdm<br>Koroptvi\u010dky<\/p>\n\n\n\n<p>Sestava: Unknown<\/p>\n\n\n\n<p>Posledn\u00ed Upgrade : 2024<br><br>Status<br>Trojn\u00e1sobn\u00fd vrah<\/p>\n\n\n\n<figure class=\"wp-block-embed is-type-video is-provider-youtube wp-block-embed-youtube wp-embed-aspect-16-9 wp-has-aspect-ratio\"><div class=\"wp-block-embed__wrapper\">\n<iframe loading=\"lazy\" title=\"Itovic Staty\" width=\"1160\" height=\"653\" src=\"https:\/\/www.youtube.com\/embed\/5H8HWAR-sJU?feature=oembed\" frameborder=\"0\" allow=\"accelerometer; autoplay; clipboard-write; encrypted-media; gyroscope; picture-in-picture; web-share\" referrerpolicy=\"strict-origin-when-cross-origin\" allowfullscreen><\/iframe>\n<\/div><\/figure>\n","protected":false},"excerpt":{"rendered":"<p>T\u00fdmKoroptvi\u010dky Sestava: Unknown Posledn\u00ed Upgrade : 2024 StatusTrojn\u00e1sobn\u00fd vrah<\/p>\n","protected":false},"author":1,"featured_media":0,"parent":74,"menu_order":13,"comment_status":"closed","ping_status":"closed","template":"","meta":{"_bbp_topic_count":0,"_bbp_reply_count":0,"_bbp_total_topic_count":0,"_bbp_total_reply_count":0,"_bbp_voice_count":0,"_bbp_anonymous_reply_count":0,"_bbp_topic_count_hidden":0,"_bbp_reply_count_hidden":0,"_bbp_forum_subforum_count":0},"_links":{"self":[{"href":"http:\/\/www.compijada.cz\/index.php\/wp-json\/wp\/v2\/pages\/522"}],"collection":[{"href":"http:\/\/www.compijada.cz\/index.php\/wp-json\/wp\/v2\/pages"}],"about":[{"href":"http:\/\/www.compijada.cz\/index.php\/wp-json\/wp\/v2\/types\/page"}],"author":[{"embeddable":true,"href":"http:\/\/www.compijada.cz\/index.php\/wp-json\/wp\/v2\/users\/1"}],"replies":[{"embeddable":true,"href":"http:\/\/www.compijada.cz\/index.php\/wp-json\/wp\/v2\/comments?post=522"}],"version-history":[{"count":9,"href":"http:\/\/www.compijada.cz\/index.php\/wp-json\/wp\/v2\/pages\/522\/revisions"}],"predecessor-version":[{"id":888,"href":"http:\/\/www.compijada.cz\/index.php\/wp-json\/wp\/v2\/pages\/522\/revisions\/888"}],"up":[{"embeddable":true,"href":"http:\/\/www.compijada.cz\/index.php\/wp-json\/wp\/v2\/pages\/74"}],"wp:attachment":[{"href":"http:\/\/www.compijada.cz\/index.php\/wp-json\/wp\/v2\/media?parent=522"}],"curies":[{"name":"wp","href":"https:\/\/api.w.org\/{rel}","templated":true}]}}