{"id":119,"date":"2018-10-07T10:48:55","date_gmt":"2018-10-07T08:48:55","guid":{"rendered":"http:\/\/85.135.125.102\/?page_id=119"},"modified":"2024-10-01T20:03:06","modified_gmt":"2024-10-01T18:03:06","slug":"hochiminh","status":"publish","type":"page","link":"http:\/\/www.compijada.cz\/index.php\/o-nas\/hochiminh\/","title":{"rendered":"Ho Chi Minh"},"content":{"rendered":"<div class=\"header\">\n<div class=\"avatar\"><img src=\"http:\/\/85.135.125.102\/wp-content\/uploads\/2018\/10\/ho-20chi-202-0.jpg\" \/><\/div>\n<div class=\"name\">Ho Chi Minh<\/div>\n<\/div>\n<div class=\"info\">\n<div class=\"title\">Skill<\/div>\n<div class=\"value\"><img src=\"https:\/\/steamusercontent-a.akamaihd.net\/ugc\/85974150889898910\/7070C73AF2C85D98C2555038199837F073F51EF6\/\" \/><\/div>\n<\/div>\n<div class=\"info\">\n<div class=\"title\">T\u00fdm<\/div>\n<div class=\"value\">Koroptvi\u010dky<\/div>\n<div class=\"title\">Posledn\u00ed upgrade<\/div>\n<div class=\"value\">Unknown<\/div>\n<div class=\"title\">Sestava<\/div>\n<div class=\"value\">Unknown<\/div>\n<div class=\"title\">Status<\/div>\n<div class=\"value\">Sta\u0159e\u0161ina<\/div>\n<div>\u00a0<\/div>\n<\/div>\n\n\n<figure class=\"wp-block-embed is-type-video is-provider-youtube wp-block-embed-youtube wp-embed-aspect-16-9 wp-has-aspect-ratio\"><div class=\"wp-block-embed__wrapper\">\n<iframe loading=\"lazy\" title=\"Ho Chi Minh Staty\" width=\"1160\" height=\"653\" src=\"https:\/\/www.youtube.com\/embed\/8Aaa7DDAJ7o?feature=oembed\" frameborder=\"0\" allow=\"accelerometer; autoplay; clipboard-write; encrypted-media; gyroscope; picture-in-picture; web-share\" referrerpolicy=\"strict-origin-when-cross-origin\" allowfullscreen><\/iframe>\n<\/div><\/figure>\n","protected":false},"excerpt":{"rendered":"<p>Ho Chi Minh Skill T\u00fdm Koroptvi\u010dky Posledn\u00ed upgrade Unknown Sestava Unknown Status Sta\u0159e\u0161ina \u00a0<\/p>\n","protected":false},"author":1,"featured_media":0,"parent":74,"menu_order":0,"comment_status":"closed","ping_status":"closed","template":"page-templates\/page_fullwidth.php","meta":{"_bbp_topic_count":0,"_bbp_reply_count":0,"_bbp_total_topic_count":0,"_bbp_total_reply_count":0,"_bbp_voice_count":0,"_bbp_anonymous_reply_count":0,"_bbp_topic_count_hidden":0,"_bbp_reply_count_hidden":0,"_bbp_forum_subforum_count":0},"_links":{"self":[{"href":"http:\/\/www.compijada.cz\/index.php\/wp-json\/wp\/v2\/pages\/119"}],"collection":[{"href":"http:\/\/www.compijada.cz\/index.php\/wp-json\/wp\/v2\/pages"}],"about":[{"href":"http:\/\/www.compijada.cz\/index.php\/wp-json\/wp\/v2\/types\/page"}],"author":[{"embeddable":true,"href":"http:\/\/www.compijada.cz\/index.php\/wp-json\/wp\/v2\/users\/1"}],"replies":[{"embeddable":true,"href":"http:\/\/www.compijada.cz\/index.php\/wp-json\/wp\/v2\/comments?post=119"}],"version-history":[{"count":6,"href":"http:\/\/www.compijada.cz\/index.php\/wp-json\/wp\/v2\/pages\/119\/revisions"}],"predecessor-version":[{"id":878,"href":"http:\/\/www.compijada.cz\/index.php\/wp-json\/wp\/v2\/pages\/119\/revisions\/878"}],"up":[{"embeddable":true,"href":"http:\/\/www.compijada.cz\/index.php\/wp-json\/wp\/v2\/pages\/74"}],"wp:attachment":[{"href":"http:\/\/www.compijada.cz\/index.php\/wp-json\/wp\/v2\/media?parent=119"}],"curies":[{"name":"wp","href":"https:\/\/api.w.org\/{rel}","templated":true}]}}