{"id":109,"date":"2018-10-07T10:41:03","date_gmt":"2018-10-07T08:41:03","guid":{"rendered":"http:\/\/85.135.125.102\/?page_id=109"},"modified":"2024-10-01T20:15:13","modified_gmt":"2024-10-01T18:15:13","slug":"ricardo","status":"publish","type":"page","link":"http:\/\/www.compijada.cz\/index.php\/o-nas\/ricardo\/","title":{"rendered":"Rikardo"},"content":{"rendered":"<div class=\"header\">\n<div class=\"avatar\">\u00a0<\/div>\n<div class=\"name\">Rikardo<\/div>\n<\/div>\n<div class=\"info\">\n<div class=\"value\">\u00a0<\/div>\n<\/div>\n<div class=\"info\">\n<div class=\"title\">T\u00fdm<\/div>\n<div class=\"value\">Zajaci<\/div>\n<div class=\"title\">Posledn\u00ed upgrade<\/div>\n<div class=\"value\">2023<\/div>\n<div class=\"title\">Sestava<\/div>\n<div class=\"value\">Vlastn\u00ed<\/div>\n<div class=\"title\">Status<\/div>\n<div class=\"value\">Ostrost\u0159elec<\/div>\n<\/div>\n\n\n<figure class=\"wp-block-embed is-type-video is-provider-youtube wp-block-embed-youtube wp-embed-aspect-16-9 wp-has-aspect-ratio\"><div class=\"wp-block-embed__wrapper\">\n<iframe loading=\"lazy\" title=\"Rikardo Staty\" width=\"1160\" height=\"653\" src=\"https:\/\/www.youtube.com\/embed\/cm7DH7VNAKs?feature=oembed\" frameborder=\"0\" allow=\"accelerometer; autoplay; clipboard-write; encrypted-media; gyroscope; picture-in-picture; web-share\" referrerpolicy=\"strict-origin-when-cross-origin\" allowfullscreen><\/iframe>\n<\/div><\/figure>\n","protected":false},"excerpt":{"rendered":"<p>\u00a0 Rikardo \u00a0 T\u00fdm Zajaci Posledn\u00ed upgrade 2023 Sestava Vlastn\u00ed Status Ostrost\u0159elec<\/p>\n","protected":false},"author":1,"featured_media":0,"parent":74,"menu_order":0,"comment_status":"closed","ping_status":"closed","template":"page-templates\/page_fullwidth.php","meta":{"_bbp_topic_count":0,"_bbp_reply_count":0,"_bbp_total_topic_count":0,"_bbp_total_reply_count":0,"_bbp_voice_count":0,"_bbp_anonymous_reply_count":0,"_bbp_topic_count_hidden":0,"_bbp_reply_count_hidden":0,"_bbp_forum_subforum_count":0},"_links":{"self":[{"href":"http:\/\/www.compijada.cz\/index.php\/wp-json\/wp\/v2\/pages\/109"}],"collection":[{"href":"http:\/\/www.compijada.cz\/index.php\/wp-json\/wp\/v2\/pages"}],"about":[{"href":"http:\/\/www.compijada.cz\/index.php\/wp-json\/wp\/v2\/types\/page"}],"author":[{"embeddable":true,"href":"http:\/\/www.compijada.cz\/index.php\/wp-json\/wp\/v2\/users\/1"}],"replies":[{"embeddable":true,"href":"http:\/\/www.compijada.cz\/index.php\/wp-json\/wp\/v2\/comments?post=109"}],"version-history":[{"count":8,"href":"http:\/\/www.compijada.cz\/index.php\/wp-json\/wp\/v2\/pages\/109\/revisions"}],"predecessor-version":[{"id":895,"href":"http:\/\/www.compijada.cz\/index.php\/wp-json\/wp\/v2\/pages\/109\/revisions\/895"}],"up":[{"embeddable":true,"href":"http:\/\/www.compijada.cz\/index.php\/wp-json\/wp\/v2\/pages\/74"}],"wp:attachment":[{"href":"http:\/\/www.compijada.cz\/index.php\/wp-json\/wp\/v2\/media?parent=109"}],"curies":[{"name":"wp","href":"https:\/\/api.w.org\/{rel}","templated":true}]}}