{"id":103,"date":"2018-10-07T10:31:26","date_gmt":"2018-10-07T08:31:26","guid":{"rendered":"http:\/\/85.135.125.102\/?page_id=103"},"modified":"2024-10-01T20:17:32","modified_gmt":"2024-10-01T18:17:32","slug":"medvidek","status":"publish","type":"page","link":"http:\/\/www.compijada.cz\/index.php\/o-nas\/medvidek\/","title":{"rendered":"Medvidek"},"content":{"rendered":"\n<h2>Medvidek<\/h2>\n\n\n\n<div class=\"wp-block-media-text alignwide is-stacked-on-mobile is-image-fill\" style=\"grid-template-columns:29% auto\"><figure class=\"wp-block-media-text__media\" style=\"background-image:url(http:\/\/www.compijada.cz\/wp-content\/uploads\/2018\/10\/medvidek-0-e1630515150111.jpg);background-position:51% 44%\"><img src=\"http:\/\/www.compijada.cz\/wp-content\/uploads\/2018\/10\/medvidek-0-e1630515150111.jpg\" alt=\"\" class=\"wp-image-85 size-medium\"\/><\/figure><div class=\"wp-block-media-text__content\">\n<p>T\u00fdm<br>Zajaci <br><br>Posledn\u00ed upgrade <br>2024<\/p>\n\n\n\n<p>Sestava<br>Vlastn\u00ed<br><br>Status<br>Pyroman<\/p>\n<\/div><\/div>\n\n\n\n<div class=\"info\">\n<div class=\"title\">Skill<\/div>\n<figure><img src=\"https:\/\/78.media.tumblr.com\/87c6748ae65d6bb71ec190ab4acdbd3a\/tumblr_nh8rvb4Ahh1qigfjto1_400.gif\"><\/figure><div class=\"value\"><\/div>\n<\/div>\n\n\n\n<figure class=\"wp-block-embed is-type-video is-provider-youtube wp-block-embed-youtube wp-embed-aspect-16-9 wp-has-aspect-ratio\"><div class=\"wp-block-embed__wrapper\">\n<iframe loading=\"lazy\" title=\"Medvidek Staty\" width=\"1160\" height=\"653\" src=\"https:\/\/www.youtube.com\/embed\/I1vKNZEyfek?feature=oembed\" frameborder=\"0\" allow=\"accelerometer; autoplay; clipboard-write; encrypted-media; gyroscope; picture-in-picture; web-share\" referrerpolicy=\"strict-origin-when-cross-origin\" allowfullscreen><\/iframe>\n<\/div><\/figure>\n","protected":false},"excerpt":{"rendered":"<p>Medvidek T\u00fdmZajaci Posledn\u00ed upgrade 2024 SestavaVlastn\u00ed StatusPyroman Skill<\/p>\n","protected":false},"author":1,"featured_media":0,"parent":74,"menu_order":0,"comment_status":"closed","ping_status":"closed","template":"page-templates\/page_fullwidth.php","meta":{"_bbp_topic_count":0,"_bbp_reply_count":0,"_bbp_total_topic_count":0,"_bbp_total_reply_count":0,"_bbp_voice_count":0,"_bbp_anonymous_reply_count":0,"_bbp_topic_count_hidden":0,"_bbp_reply_count_hidden":0,"_bbp_forum_subforum_count":0},"_links":{"self":[{"href":"http:\/\/www.compijada.cz\/index.php\/wp-json\/wp\/v2\/pages\/103"}],"collection":[{"href":"http:\/\/www.compijada.cz\/index.php\/wp-json\/wp\/v2\/pages"}],"about":[{"href":"http:\/\/www.compijada.cz\/index.php\/wp-json\/wp\/v2\/types\/page"}],"author":[{"embeddable":true,"href":"http:\/\/www.compijada.cz\/index.php\/wp-json\/wp\/v2\/users\/1"}],"replies":[{"embeddable":true,"href":"http:\/\/www.compijada.cz\/index.php\/wp-json\/wp\/v2\/comments?post=103"}],"version-history":[{"count":33,"href":"http:\/\/www.compijada.cz\/index.php\/wp-json\/wp\/v2\/pages\/103\/revisions"}],"predecessor-version":[{"id":899,"href":"http:\/\/www.compijada.cz\/index.php\/wp-json\/wp\/v2\/pages\/103\/revisions\/899"}],"up":[{"embeddable":true,"href":"http:\/\/www.compijada.cz\/index.php\/wp-json\/wp\/v2\/pages\/74"}],"wp:attachment":[{"href":"http:\/\/www.compijada.cz\/index.php\/wp-json\/wp\/v2\/media?parent=103"}],"curies":[{"name":"wp","href":"https:\/\/api.w.org\/{rel}","templated":true}]}}